{"id":29482,"date":"2026-03-03T01:46:50","date_gmt":"2026-03-03T01:46:50","guid":{"rendered":"http:\/\/206.189.163.212\/ecommerce\/?post_type=product&#038;p=29482"},"modified":"2026-03-03T01:58:04","modified_gmt":"2026-03-03T01:58:04","slug":"buje-de-horquilla-de-suspension-delantera-par","status":"publish","type":"product","link":"https:\/\/ecommercejamc.online\/index.php\/producto\/buje-de-horquilla-de-suspension-delantera-par\/","title":{"rendered":"Buje de Horquilla de Suspensi\u00f3n Delantera (Par)"},"content":{"rendered":"<p>Par de bujes de poliuretano para horquilla de suspensi\u00f3n delantera. Mayor durabilidad y resistencia a la deformaci\u00f3n comparado con bujes originales de hule. Reduce el movimiento no deseado de la suspensi\u00f3n y mejora la estabilidad. Incluye grasa de instalaci\u00f3n y herraje completo.<\/p>\n","protected":false},"excerpt":{"rendered":"<p>Par de bujes de poliuretano para horquilla de suspensi\u00f3n delantera. Mayor durabilidad y resistencia a la deformaci\u00f3n comparado con bujes<\/p>\n","protected":false},"featured_media":29513,"comment_status":"open","ping_status":"closed","template":"","meta":[],"product_brand":[],"product_cat":[102],"product_tag":[],"class_list":{"0":"post-29482","1":"product","2":"type-product","3":"status-publish","4":"has-post-thumbnail","6":"product_cat-frenos-y-suspension","8":"first","9":"instock","10":"shipping-taxable","11":"purchasable","12":"product-type-simple"},"_links":{"self":[{"href":"https:\/\/ecommercejamc.online\/index.php\/wp-json\/wp\/v2\/product\/29482","targetHints":{"allow":["GET"]}}],"collection":[{"href":"https:\/\/ecommercejamc.online\/index.php\/wp-json\/wp\/v2\/product"}],"about":[{"href":"https:\/\/ecommercejamc.online\/index.php\/wp-json\/wp\/v2\/types\/product"}],"replies":[{"embeddable":true,"href":"https:\/\/ecommercejamc.online\/index.php\/wp-json\/wp\/v2\/comments?post=29482"}],"version-history":[{"count":1,"href":"https:\/\/ecommercejamc.online\/index.php\/wp-json\/wp\/v2\/product\/29482\/revisions"}],"predecessor-version":[{"id":29504,"href":"https:\/\/ecommercejamc.online\/index.php\/wp-json\/wp\/v2\/product\/29482\/revisions\/29504"}],"wp:featuredmedia":[{"embeddable":true,"href":"https:\/\/ecommercejamc.online\/index.php\/wp-json\/wp\/v2\/media\/29513"}],"wp:attachment":[{"href":"https:\/\/ecommercejamc.online\/index.php\/wp-json\/wp\/v2\/media?parent=29482"}],"wp:term":[{"taxonomy":"product_brand","embeddable":true,"href":"https:\/\/ecommercejamc.online\/index.php\/wp-json\/wp\/v2\/product_brand?post=29482"},{"taxonomy":"product_cat","embeddable":true,"href":"https:\/\/ecommercejamc.online\/index.php\/wp-json\/wp\/v2\/product_cat?post=29482"},{"taxonomy":"product_tag","embeddable":true,"href":"https:\/\/ecommercejamc.online\/index.php\/wp-json\/wp\/v2\/product_tag?post=29482"}],"curies":[{"name":"wp","href":"https:\/\/api.w.org\/{rel}","templated":true}]}}