{"id":29481,"date":"2026-03-03T01:46:50","date_gmt":"2026-03-03T01:46:50","guid":{"rendered":"http:\/\/206.189.163.212\/ecommerce\/?post_type=product&#038;p=29481"},"modified":"2026-03-03T02:05:08","modified_gmt":"2026-03-03T02:05:08","slug":"kit-de-reparacion-de-cilindro-maestro-de-frenos","status":"publish","type":"product","link":"https:\/\/ecommercejamc.online\/index.php\/producto\/kit-de-reparacion-de-cilindro-maestro-de-frenos\/","title":{"rendered":"Kit de Reparaci\u00f3n de Cilindro Maestro de Frenos"},"content":{"rendered":"<p>Kit completo de reparaci\u00f3n para cilindro maestro de frenos. Incluye empaques, sellos, resortes y todos los componentes internos necesarios. Fabricado en hule NBR resistente al l\u00edquido de frenos. Recupera la presi\u00f3n hidr\u00e1ulica correcta del sistema evitando fugas.<\/p>\n","protected":false},"excerpt":{"rendered":"<p>Kit completo de reparaci\u00f3n para cilindro maestro de frenos. Incluye empaques, sellos, resortes y todos los componentes internos necesarios. Fabricado<\/p>\n","protected":false},"featured_media":29518,"comment_status":"open","ping_status":"closed","template":"","meta":[],"product_brand":[],"product_cat":[102],"product_tag":[],"class_list":{"0":"post-29481","1":"product","2":"type-product","3":"status-publish","4":"has-post-thumbnail","6":"product_cat-frenos-y-suspension","8":"first","9":"instock","10":"shipping-taxable","11":"purchasable","12":"product-type-simple"},"_links":{"self":[{"href":"https:\/\/ecommercejamc.online\/index.php\/wp-json\/wp\/v2\/product\/29481","targetHints":{"allow":["GET"]}}],"collection":[{"href":"https:\/\/ecommercejamc.online\/index.php\/wp-json\/wp\/v2\/product"}],"about":[{"href":"https:\/\/ecommercejamc.online\/index.php\/wp-json\/wp\/v2\/types\/product"}],"replies":[{"embeddable":true,"href":"https:\/\/ecommercejamc.online\/index.php\/wp-json\/wp\/v2\/comments?post=29481"}],"version-history":[{"count":1,"href":"https:\/\/ecommercejamc.online\/index.php\/wp-json\/wp\/v2\/product\/29481\/revisions"}],"predecessor-version":[{"id":29503,"href":"https:\/\/ecommercejamc.online\/index.php\/wp-json\/wp\/v2\/product\/29481\/revisions\/29503"}],"wp:featuredmedia":[{"embeddable":true,"href":"https:\/\/ecommercejamc.online\/index.php\/wp-json\/wp\/v2\/media\/29518"}],"wp:attachment":[{"href":"https:\/\/ecommercejamc.online\/index.php\/wp-json\/wp\/v2\/media?parent=29481"}],"wp:term":[{"taxonomy":"product_brand","embeddable":true,"href":"https:\/\/ecommercejamc.online\/index.php\/wp-json\/wp\/v2\/product_brand?post=29481"},{"taxonomy":"product_cat","embeddable":true,"href":"https:\/\/ecommercejamc.online\/index.php\/wp-json\/wp\/v2\/product_cat?post=29481"},{"taxonomy":"product_tag","embeddable":true,"href":"https:\/\/ecommercejamc.online\/index.php\/wp-json\/wp\/v2\/product_tag?post=29481"}],"curies":[{"name":"wp","href":"https:\/\/api.w.org\/{rel}","templated":true}]}}