{"id":29480,"date":"2026-03-03T01:46:49","date_gmt":"2026-03-03T01:46:49","guid":{"rendered":"http:\/\/206.189.163.212\/ecommerce\/?post_type=product&#038;p=29480"},"modified":"2026-03-03T02:06:15","modified_gmt":"2026-03-03T02:06:15","slug":"terminal-de-direccion-externa-derecha","status":"publish","type":"product","link":"https:\/\/ecommercejamc.online\/index.php\/producto\/terminal-de-direccion-externa-derecha\/","title":{"rendered":"Terminal de Direcci\u00f3n Externa Derecha"},"content":{"rendered":"<p>Terminal de direcci\u00f3n lado externo derecho para veh\u00edculos de pasajeros. Fabricada en acero forjado de alta resistencia con articulaci\u00f3n esf\u00e9rica sellada. Garantiza la transmisi\u00f3n precisa del movimiento de direcci\u00f3n a las ruedas. Incluye contratuerca y pasador de seguridad.<\/p>\n","protected":false},"excerpt":{"rendered":"<p>Terminal de direcci\u00f3n lado externo derecho para veh\u00edculos de pasajeros. Fabricada en acero forjado de alta resistencia con articulaci\u00f3n esf\u00e9rica<\/p>\n","protected":false},"featured_media":29522,"comment_status":"open","ping_status":"closed","template":"","meta":[],"product_brand":[],"product_cat":[102],"product_tag":[],"class_list":{"0":"post-29480","1":"product","2":"type-product","3":"status-publish","4":"has-post-thumbnail","6":"product_cat-frenos-y-suspension","8":"first","9":"instock","10":"shipping-taxable","11":"purchasable","12":"product-type-simple"},"_links":{"self":[{"href":"https:\/\/ecommercejamc.online\/index.php\/wp-json\/wp\/v2\/product\/29480","targetHints":{"allow":["GET"]}}],"collection":[{"href":"https:\/\/ecommercejamc.online\/index.php\/wp-json\/wp\/v2\/product"}],"about":[{"href":"https:\/\/ecommercejamc.online\/index.php\/wp-json\/wp\/v2\/types\/product"}],"replies":[{"embeddable":true,"href":"https:\/\/ecommercejamc.online\/index.php\/wp-json\/wp\/v2\/comments?post=29480"}],"version-history":[{"count":1,"href":"https:\/\/ecommercejamc.online\/index.php\/wp-json\/wp\/v2\/product\/29480\/revisions"}],"predecessor-version":[{"id":29502,"href":"https:\/\/ecommercejamc.online\/index.php\/wp-json\/wp\/v2\/product\/29480\/revisions\/29502"}],"wp:featuredmedia":[{"embeddable":true,"href":"https:\/\/ecommercejamc.online\/index.php\/wp-json\/wp\/v2\/media\/29522"}],"wp:attachment":[{"href":"https:\/\/ecommercejamc.online\/index.php\/wp-json\/wp\/v2\/media?parent=29480"}],"wp:term":[{"taxonomy":"product_brand","embeddable":true,"href":"https:\/\/ecommercejamc.online\/index.php\/wp-json\/wp\/v2\/product_brand?post=29480"},{"taxonomy":"product_cat","embeddable":true,"href":"https:\/\/ecommercejamc.online\/index.php\/wp-json\/wp\/v2\/product_cat?post=29480"},{"taxonomy":"product_tag","embeddable":true,"href":"https:\/\/ecommercejamc.online\/index.php\/wp-json\/wp\/v2\/product_tag?post=29480"}],"curies":[{"name":"wp","href":"https:\/\/api.w.org\/{rel}","templated":true}]}}