{"id":29479,"date":"2026-03-03T01:46:49","date_gmt":"2026-03-03T01:46:49","guid":{"rendered":"http:\/\/206.189.163.212\/ecommerce\/?post_type=product&#038;p=29479"},"modified":"2026-03-03T02:07:32","modified_gmt":"2026-03-03T02:07:32","slug":"rotula-de-suspension-inferior-universal","status":"publish","type":"product","link":"https:\/\/ecommercejamc.online\/index.php\/producto\/rotula-de-suspension-inferior-universal\/","title":{"rendered":"R\u00f3tula de Suspensi\u00f3n Inferior Universal"},"content":{"rendered":"<p>R\u00f3tula de suspensi\u00f3n inferior de alta resistencia con bota de hule sellada y engrasada de por vida. Fabricada en acero forjado con recubrimiento anticorrosivo. Elimina el traqueteo y mejora la respuesta de la direcci\u00f3n. Incluye todos los accesorios de montaje.<\/p>\n","protected":false},"excerpt":{"rendered":"<p>R\u00f3tula de suspensi\u00f3n inferior de alta resistencia con bota de hule sellada y engrasada de por vida. Fabricada en acero<\/p>\n","protected":false},"featured_media":29526,"comment_status":"open","ping_status":"closed","template":"","meta":[],"product_brand":[],"product_cat":[102],"product_tag":[],"class_list":{"0":"post-29479","1":"product","2":"type-product","3":"status-publish","4":"has-post-thumbnail","6":"product_cat-frenos-y-suspension","8":"first","9":"instock","10":"shipping-taxable","11":"purchasable","12":"product-type-simple"},"_links":{"self":[{"href":"https:\/\/ecommercejamc.online\/index.php\/wp-json\/wp\/v2\/product\/29479","targetHints":{"allow":["GET"]}}],"collection":[{"href":"https:\/\/ecommercejamc.online\/index.php\/wp-json\/wp\/v2\/product"}],"about":[{"href":"https:\/\/ecommercejamc.online\/index.php\/wp-json\/wp\/v2\/types\/product"}],"replies":[{"embeddable":true,"href":"https:\/\/ecommercejamc.online\/index.php\/wp-json\/wp\/v2\/comments?post=29479"}],"version-history":[{"count":1,"href":"https:\/\/ecommercejamc.online\/index.php\/wp-json\/wp\/v2\/product\/29479\/revisions"}],"predecessor-version":[{"id":29501,"href":"https:\/\/ecommercejamc.online\/index.php\/wp-json\/wp\/v2\/product\/29479\/revisions\/29501"}],"wp:featuredmedia":[{"embeddable":true,"href":"https:\/\/ecommercejamc.online\/index.php\/wp-json\/wp\/v2\/media\/29526"}],"wp:attachment":[{"href":"https:\/\/ecommercejamc.online\/index.php\/wp-json\/wp\/v2\/media?parent=29479"}],"wp:term":[{"taxonomy":"product_brand","embeddable":true,"href":"https:\/\/ecommercejamc.online\/index.php\/wp-json\/wp\/v2\/product_brand?post=29479"},{"taxonomy":"product_cat","embeddable":true,"href":"https:\/\/ecommercejamc.online\/index.php\/wp-json\/wp\/v2\/product_cat?post=29479"},{"taxonomy":"product_tag","embeddable":true,"href":"https:\/\/ecommercejamc.online\/index.php\/wp-json\/wp\/v2\/product_tag?post=29479"}],"curies":[{"name":"wp","href":"https:\/\/api.w.org\/{rel}","templated":true}]}}