{"id":29478,"date":"2026-03-03T01:46:49","date_gmt":"2026-03-03T01:46:49","guid":{"rendered":"http:\/\/206.189.163.212\/ecommerce\/?post_type=product&#038;p=29478"},"modified":"2026-03-03T02:08:34","modified_gmt":"2026-03-03T02:08:34","slug":"resorte-helicoidal-delantero-para-suv","status":"publish","type":"product","link":"https:\/\/ecommercejamc.online\/index.php\/producto\/resorte-helicoidal-delantero-para-suv\/","title":{"rendered":"Resorte Helicoidal Delantero para SUV"},"content":{"rendered":"<p>Resorte helicoidal de suspensi\u00f3n delantera para veh\u00edculos SUV de tama\u00f1o mediano. Fabricado en acero de alta resistencia con tratamiento anticorrosi\u00f3n. Restituye la altura original del veh\u00edculo y mejora la estabilidad en curvas. Se vende por pieza.<\/p>\n","protected":false},"excerpt":{"rendered":"<p>Resorte helicoidal de suspensi\u00f3n delantera para veh\u00edculos SUV de tama\u00f1o mediano. Fabricado en acero de alta resistencia con tratamiento anticorrosi\u00f3n.<\/p>\n","protected":false},"featured_media":29530,"comment_status":"open","ping_status":"closed","template":"","meta":[],"product_brand":[],"product_cat":[102],"product_tag":[],"class_list":{"0":"post-29478","1":"product","2":"type-product","3":"status-publish","4":"has-post-thumbnail","6":"product_cat-frenos-y-suspension","8":"first","9":"instock","10":"shipping-taxable","11":"purchasable","12":"product-type-simple"},"_links":{"self":[{"href":"https:\/\/ecommercejamc.online\/index.php\/wp-json\/wp\/v2\/product\/29478","targetHints":{"allow":["GET"]}}],"collection":[{"href":"https:\/\/ecommercejamc.online\/index.php\/wp-json\/wp\/v2\/product"}],"about":[{"href":"https:\/\/ecommercejamc.online\/index.php\/wp-json\/wp\/v2\/types\/product"}],"replies":[{"embeddable":true,"href":"https:\/\/ecommercejamc.online\/index.php\/wp-json\/wp\/v2\/comments?post=29478"}],"version-history":[{"count":1,"href":"https:\/\/ecommercejamc.online\/index.php\/wp-json\/wp\/v2\/product\/29478\/revisions"}],"predecessor-version":[{"id":29500,"href":"https:\/\/ecommercejamc.online\/index.php\/wp-json\/wp\/v2\/product\/29478\/revisions\/29500"}],"wp:featuredmedia":[{"embeddable":true,"href":"https:\/\/ecommercejamc.online\/index.php\/wp-json\/wp\/v2\/media\/29530"}],"wp:attachment":[{"href":"https:\/\/ecommercejamc.online\/index.php\/wp-json\/wp\/v2\/media?parent=29478"}],"wp:term":[{"taxonomy":"product_brand","embeddable":true,"href":"https:\/\/ecommercejamc.online\/index.php\/wp-json\/wp\/v2\/product_brand?post=29478"},{"taxonomy":"product_cat","embeddable":true,"href":"https:\/\/ecommercejamc.online\/index.php\/wp-json\/wp\/v2\/product_cat?post=29478"},{"taxonomy":"product_tag","embeddable":true,"href":"https:\/\/ecommercejamc.online\/index.php\/wp-json\/wp\/v2\/product_tag?post=29478"}],"curies":[{"name":"wp","href":"https:\/\/api.w.org\/{rel}","templated":true}]}}