{"id":29477,"date":"2026-03-03T01:46:49","date_gmt":"2026-03-03T01:46:49","guid":{"rendered":"http:\/\/206.189.163.212\/ecommerce\/?post_type=product&#038;p=29477"},"modified":"2026-03-03T02:09:28","modified_gmt":"2026-03-03T02:09:28","slug":"liquido-de-frenos-dot-4-500ml","status":"publish","type":"product","link":"https:\/\/ecommercejamc.online\/index.php\/producto\/liquido-de-frenos-dot-4-500ml\/","title":{"rendered":"L\u00edquido de Frenos DOT 4 500ml"},"content":{"rendered":"<p>L\u00edquido de frenos de alta calidad clasificaci\u00f3n DOT 4 en presentaci\u00f3n de 500ml. Punto de ebullici\u00f3n h\u00famedo de 155\u00b0C y seco de 230\u00b0C. Formulado para sistemas de frenos de disco, tambor y ABS. Evita la formaci\u00f3n de vapor en el sistema.<\/p>\n","protected":false},"excerpt":{"rendered":"<p>L\u00edquido de frenos de alta calidad clasificaci\u00f3n DOT 4 en presentaci\u00f3n de 500ml. Punto de ebullici\u00f3n h\u00famedo de 155\u00b0C y<\/p>\n","protected":false},"featured_media":29534,"comment_status":"open","ping_status":"closed","template":"","meta":[],"product_brand":[],"product_cat":[102],"product_tag":[],"class_list":{"0":"post-29477","1":"product","2":"type-product","3":"status-publish","4":"has-post-thumbnail","6":"product_cat-frenos-y-suspension","8":"first","9":"instock","10":"shipping-taxable","11":"purchasable","12":"product-type-simple"},"_links":{"self":[{"href":"https:\/\/ecommercejamc.online\/index.php\/wp-json\/wp\/v2\/product\/29477","targetHints":{"allow":["GET"]}}],"collection":[{"href":"https:\/\/ecommercejamc.online\/index.php\/wp-json\/wp\/v2\/product"}],"about":[{"href":"https:\/\/ecommercejamc.online\/index.php\/wp-json\/wp\/v2\/types\/product"}],"replies":[{"embeddable":true,"href":"https:\/\/ecommercejamc.online\/index.php\/wp-json\/wp\/v2\/comments?post=29477"}],"version-history":[{"count":1,"href":"https:\/\/ecommercejamc.online\/index.php\/wp-json\/wp\/v2\/product\/29477\/revisions"}],"predecessor-version":[{"id":29499,"href":"https:\/\/ecommercejamc.online\/index.php\/wp-json\/wp\/v2\/product\/29477\/revisions\/29499"}],"wp:featuredmedia":[{"embeddable":true,"href":"https:\/\/ecommercejamc.online\/index.php\/wp-json\/wp\/v2\/media\/29534"}],"wp:attachment":[{"href":"https:\/\/ecommercejamc.online\/index.php\/wp-json\/wp\/v2\/media?parent=29477"}],"wp:term":[{"taxonomy":"product_brand","embeddable":true,"href":"https:\/\/ecommercejamc.online\/index.php\/wp-json\/wp\/v2\/product_brand?post=29477"},{"taxonomy":"product_cat","embeddable":true,"href":"https:\/\/ecommercejamc.online\/index.php\/wp-json\/wp\/v2\/product_cat?post=29477"},{"taxonomy":"product_tag","embeddable":true,"href":"https:\/\/ecommercejamc.online\/index.php\/wp-json\/wp\/v2\/product_tag?post=29477"}],"curies":[{"name":"wp","href":"https:\/\/api.w.org\/{rel}","templated":true}]}}