{"id":29475,"date":"2026-03-03T01:46:49","date_gmt":"2026-03-03T01:46:49","guid":{"rendered":"http:\/\/206.189.163.212\/ecommerce\/?post_type=product&#038;p=29475"},"modified":"2026-03-03T02:11:30","modified_gmt":"2026-03-03T02:11:30","slug":"disco-de-freno-ventilado-delantero-280mm","status":"publish","type":"product","link":"https:\/\/ecommercejamc.online\/index.php\/producto\/disco-de-freno-ventilado-delantero-280mm\/","title":{"rendered":"Disco de Freno Ventilado Delantero 280mm"},"content":{"rendered":"<p>Disco de freno ventilado para eje delantero de 280mm de di\u00e1metro. Fabricado en hierro gris de alta resistencia con tratamiento t\u00e9rmico para mayor durabilidad. El dise\u00f1o ventilado permite mejor disipaci\u00f3n del calor reduciendo el riesgo de fade. Se vende por pieza.<\/p>\n","protected":false},"excerpt":{"rendered":"<p>Disco de freno ventilado para eje delantero de 280mm de di\u00e1metro. Fabricado en hierro gris de alta resistencia con tratamiento<\/p>\n","protected":false},"featured_media":29542,"comment_status":"open","ping_status":"closed","template":"","meta":[],"product_brand":[],"product_cat":[102],"product_tag":[],"class_list":{"0":"post-29475","1":"product","2":"type-product","3":"status-publish","4":"has-post-thumbnail","6":"product_cat-frenos-y-suspension","8":"first","9":"instock","10":"shipping-taxable","11":"purchasable","12":"product-type-simple"},"_links":{"self":[{"href":"https:\/\/ecommercejamc.online\/index.php\/wp-json\/wp\/v2\/product\/29475","targetHints":{"allow":["GET"]}}],"collection":[{"href":"https:\/\/ecommercejamc.online\/index.php\/wp-json\/wp\/v2\/product"}],"about":[{"href":"https:\/\/ecommercejamc.online\/index.php\/wp-json\/wp\/v2\/types\/product"}],"replies":[{"embeddable":true,"href":"https:\/\/ecommercejamc.online\/index.php\/wp-json\/wp\/v2\/comments?post=29475"}],"version-history":[{"count":1,"href":"https:\/\/ecommercejamc.online\/index.php\/wp-json\/wp\/v2\/product\/29475\/revisions"}],"predecessor-version":[{"id":29497,"href":"https:\/\/ecommercejamc.online\/index.php\/wp-json\/wp\/v2\/product\/29475\/revisions\/29497"}],"wp:featuredmedia":[{"embeddable":true,"href":"https:\/\/ecommercejamc.online\/index.php\/wp-json\/wp\/v2\/media\/29542"}],"wp:attachment":[{"href":"https:\/\/ecommercejamc.online\/index.php\/wp-json\/wp\/v2\/media?parent=29475"}],"wp:term":[{"taxonomy":"product_brand","embeddable":true,"href":"https:\/\/ecommercejamc.online\/index.php\/wp-json\/wp\/v2\/product_brand?post=29475"},{"taxonomy":"product_cat","embeddable":true,"href":"https:\/\/ecommercejamc.online\/index.php\/wp-json\/wp\/v2\/product_cat?post=29475"},{"taxonomy":"product_tag","embeddable":true,"href":"https:\/\/ecommercejamc.online\/index.php\/wp-json\/wp\/v2\/product_tag?post=29475"}],"curies":[{"name":"wp","href":"https:\/\/api.w.org\/{rel}","templated":true}]}}