{"id":29469,"date":"2026-03-03T01:46:48","date_gmt":"2026-03-03T01:46:48","guid":{"rendered":"http:\/\/206.189.163.212\/ecommerce\/?post_type=product&#038;p=29469"},"modified":"2026-03-03T02:16:37","modified_gmt":"2026-03-03T02:16:37","slug":"aceite-para-direccion-hidraulica-946ml","status":"publish","type":"product","link":"https:\/\/ecommercejamc.online\/index.php\/producto\/aceite-para-direccion-hidraulica-946ml\/","title":{"rendered":"Aceite para Direcci\u00f3n Hidr\u00e1ulica 946ml"},"content":{"rendered":"<p>Fluido para sistema de direcci\u00f3n hidr\u00e1ulica en presentaci\u00f3n de 946ml. Formulado para proteger bombas, cilindros y v\u00e1lvulas del sistema de direcci\u00f3n asistida. Reduce el esfuerzo de manejo, previene el ruido en la bomba y prolonga la vida del sistema.<\/p>\n","protected":false},"excerpt":{"rendered":"<p>Fluido para sistema de direcci\u00f3n hidr\u00e1ulica en presentaci\u00f3n de 946ml. Formulado para proteger bombas, cilindros y v\u00e1lvulas del sistema de<\/p>\n","protected":false},"featured_media":29562,"comment_status":"open","ping_status":"closed","template":"","meta":[],"product_brand":[],"product_cat":[101],"product_tag":[],"class_list":{"0":"post-29469","1":"product","2":"type-product","3":"status-publish","4":"has-post-thumbnail","6":"product_cat-lubricantes-y-aceites","8":"first","9":"instock","10":"shipping-taxable","11":"purchasable","12":"product-type-simple"},"_links":{"self":[{"href":"https:\/\/ecommercejamc.online\/index.php\/wp-json\/wp\/v2\/product\/29469","targetHints":{"allow":["GET"]}}],"collection":[{"href":"https:\/\/ecommercejamc.online\/index.php\/wp-json\/wp\/v2\/product"}],"about":[{"href":"https:\/\/ecommercejamc.online\/index.php\/wp-json\/wp\/v2\/types\/product"}],"replies":[{"embeddable":true,"href":"https:\/\/ecommercejamc.online\/index.php\/wp-json\/wp\/v2\/comments?post=29469"}],"version-history":[{"count":1,"href":"https:\/\/ecommercejamc.online\/index.php\/wp-json\/wp\/v2\/product\/29469\/revisions"}],"predecessor-version":[{"id":29491,"href":"https:\/\/ecommercejamc.online\/index.php\/wp-json\/wp\/v2\/product\/29469\/revisions\/29491"}],"wp:featuredmedia":[{"embeddable":true,"href":"https:\/\/ecommercejamc.online\/index.php\/wp-json\/wp\/v2\/media\/29562"}],"wp:attachment":[{"href":"https:\/\/ecommercejamc.online\/index.php\/wp-json\/wp\/v2\/media?parent=29469"}],"wp:term":[{"taxonomy":"product_brand","embeddable":true,"href":"https:\/\/ecommercejamc.online\/index.php\/wp-json\/wp\/v2\/product_brand?post=29469"},{"taxonomy":"product_cat","embeddable":true,"href":"https:\/\/ecommercejamc.online\/index.php\/wp-json\/wp\/v2\/product_cat?post=29469"},{"taxonomy":"product_tag","embeddable":true,"href":"https:\/\/ecommercejamc.online\/index.php\/wp-json\/wp\/v2\/product_tag?post=29469"}],"curies":[{"name":"wp","href":"https:\/\/api.w.org\/{rel}","templated":true}]}}