{"id":29466,"date":"2026-03-03T01:46:48","date_gmt":"2026-03-03T01:46:48","guid":{"rendered":"http:\/\/206.189.163.212\/ecommerce\/?post_type=product&#038;p=29466"},"modified":"2026-03-03T02:14:42","modified_gmt":"2026-03-03T02:14:42","slug":"aceite-para-transmision-automatica-atf-dexron-vi-1l","status":"publish","type":"product","link":"https:\/\/ecommercejamc.online\/index.php\/producto\/aceite-para-transmision-automatica-atf-dexron-vi-1l\/","title":{"rendered":"Aceite para Transmisi\u00f3n Autom\u00e1tica ATF Dexron VI 1L"},"content":{"rendered":"<p>Fluido para transmisi\u00f3n autom\u00e1tica ATF Dexron VI. Compatible con transmisiones autom\u00e1ticas de 4, 5, 6 y m\u00e1s velocidades. Proporciona suavidad en los cambios, protecci\u00f3n contra el desgaste y estabilidad t\u00e9rmica. Recomendado para veh\u00edculos GM, Ford, Chrysler y muchas marcas japonesas y europeas.<\/p>\n","protected":false},"excerpt":{"rendered":"<p>Fluido para transmisi\u00f3n autom\u00e1tica ATF Dexron VI. Compatible con transmisiones autom\u00e1ticas de 4, 5, 6 y m\u00e1s velocidades. Proporciona suavidad<\/p>\n","protected":false},"featured_media":29554,"comment_status":"open","ping_status":"closed","template":"","meta":[],"product_brand":[],"product_cat":[101],"product_tag":[],"class_list":{"0":"post-29466","1":"product","2":"type-product","3":"status-publish","4":"has-post-thumbnail","6":"product_cat-lubricantes-y-aceites","8":"first","9":"instock","10":"shipping-taxable","11":"purchasable","12":"product-type-simple"},"_links":{"self":[{"href":"https:\/\/ecommercejamc.online\/index.php\/wp-json\/wp\/v2\/product\/29466","targetHints":{"allow":["GET"]}}],"collection":[{"href":"https:\/\/ecommercejamc.online\/index.php\/wp-json\/wp\/v2\/product"}],"about":[{"href":"https:\/\/ecommercejamc.online\/index.php\/wp-json\/wp\/v2\/types\/product"}],"replies":[{"embeddable":true,"href":"https:\/\/ecommercejamc.online\/index.php\/wp-json\/wp\/v2\/comments?post=29466"}],"version-history":[{"count":1,"href":"https:\/\/ecommercejamc.online\/index.php\/wp-json\/wp\/v2\/product\/29466\/revisions"}],"predecessor-version":[{"id":29488,"href":"https:\/\/ecommercejamc.online\/index.php\/wp-json\/wp\/v2\/product\/29466\/revisions\/29488"}],"wp:featuredmedia":[{"embeddable":true,"href":"https:\/\/ecommercejamc.online\/index.php\/wp-json\/wp\/v2\/media\/29554"}],"wp:attachment":[{"href":"https:\/\/ecommercejamc.online\/index.php\/wp-json\/wp\/v2\/media?parent=29466"}],"wp:term":[{"taxonomy":"product_brand","embeddable":true,"href":"https:\/\/ecommercejamc.online\/index.php\/wp-json\/wp\/v2\/product_brand?post=29466"},{"taxonomy":"product_cat","embeddable":true,"href":"https:\/\/ecommercejamc.online\/index.php\/wp-json\/wp\/v2\/product_cat?post=29466"},{"taxonomy":"product_tag","embeddable":true,"href":"https:\/\/ecommercejamc.online\/index.php\/wp-json\/wp\/v2\/product_tag?post=29466"}],"curies":[{"name":"wp","href":"https:\/\/api.w.org\/{rel}","templated":true}]}}