{"id":29465,"date":"2026-03-03T01:46:47","date_gmt":"2026-03-03T01:46:47","guid":{"rendered":"http:\/\/206.189.163.212\/ecommerce\/?post_type=product&#038;p=29465"},"modified":"2026-03-03T02:21:27","modified_gmt":"2026-03-03T02:21:27","slug":"aceite-de-motor-10w-40-semisintetico-4l","status":"publish","type":"product","link":"https:\/\/ecommercejamc.online\/index.php\/producto\/aceite-de-motor-10w-40-semisintetico-4l\/","title":{"rendered":"Aceite de Motor 10W-40 Semisint\u00e9tico 4L"},"content":{"rendered":"<p>Aceite semisint\u00e9tico 10W-40 en presentaci\u00f3n de 4 litros. Formulado para motores de gasolina de mediana y alta cilindrada. Ofrece excelente protecci\u00f3n en arranques en fr\u00edo y temperaturas de operaci\u00f3n elevadas. Ayuda a prolongar la vida \u00fatil del motor y reduce emisiones contaminantes.<\/p>\n","protected":false},"excerpt":{"rendered":"<p>Aceite semisint\u00e9tico 10W-40 en presentaci\u00f3n de 4 litros. Formulado para motores de gasolina de mediana y alta cilindrada. Ofrece excelente<\/p>\n","protected":false},"featured_media":29582,"comment_status":"open","ping_status":"closed","template":"","meta":[],"product_brand":[],"product_cat":[101],"product_tag":[],"class_list":{"0":"post-29465","1":"product","2":"type-product","3":"status-publish","4":"has-post-thumbnail","6":"product_cat-lubricantes-y-aceites","8":"first","9":"instock","10":"shipping-taxable","11":"purchasable","12":"product-type-simple"},"_links":{"self":[{"href":"https:\/\/ecommercejamc.online\/index.php\/wp-json\/wp\/v2\/product\/29465","targetHints":{"allow":["GET"]}}],"collection":[{"href":"https:\/\/ecommercejamc.online\/index.php\/wp-json\/wp\/v2\/product"}],"about":[{"href":"https:\/\/ecommercejamc.online\/index.php\/wp-json\/wp\/v2\/types\/product"}],"replies":[{"embeddable":true,"href":"https:\/\/ecommercejamc.online\/index.php\/wp-json\/wp\/v2\/comments?post=29465"}],"version-history":[{"count":1,"href":"https:\/\/ecommercejamc.online\/index.php\/wp-json\/wp\/v2\/product\/29465\/revisions"}],"predecessor-version":[{"id":29487,"href":"https:\/\/ecommercejamc.online\/index.php\/wp-json\/wp\/v2\/product\/29465\/revisions\/29487"}],"wp:featuredmedia":[{"embeddable":true,"href":"https:\/\/ecommercejamc.online\/index.php\/wp-json\/wp\/v2\/media\/29582"}],"wp:attachment":[{"href":"https:\/\/ecommercejamc.online\/index.php\/wp-json\/wp\/v2\/media?parent=29465"}],"wp:term":[{"taxonomy":"product_brand","embeddable":true,"href":"https:\/\/ecommercejamc.online\/index.php\/wp-json\/wp\/v2\/product_brand?post=29465"},{"taxonomy":"product_cat","embeddable":true,"href":"https:\/\/ecommercejamc.online\/index.php\/wp-json\/wp\/v2\/product_cat?post=29465"},{"taxonomy":"product_tag","embeddable":true,"href":"https:\/\/ecommercejamc.online\/index.php\/wp-json\/wp\/v2\/product_tag?post=29465"}],"curies":[{"name":"wp","href":"https:\/\/api.w.org\/{rel}","templated":true}]}}