{"id":29464,"date":"2026-03-03T01:46:47","date_gmt":"2026-03-03T01:46:47","guid":{"rendered":"http:\/\/206.189.163.212\/ecommerce\/?post_type=product&#038;p=29464"},"modified":"2026-03-03T02:22:25","modified_gmt":"2026-03-03T02:22:25","slug":"aceite-de-motor-5w-30-sintetico-1l","status":"publish","type":"product","link":"https:\/\/ecommercejamc.online\/index.php\/producto\/aceite-de-motor-5w-30-sintetico-1l\/","title":{"rendered":"Aceite de Motor 5W-30 Sint\u00e9tico 1L"},"content":{"rendered":"<p>Aceite de motor sint\u00e9tico 5W-30 de alta calidad. Formulado para motores modernos a gasolina y di\u00e9sel. Proporciona protecci\u00f3n superior contra el desgaste, reduce el consumo de combustible y mantiene el motor limpio. Ideal para climas c\u00e1lidos y fr\u00edos. Compatible con la mayor\u00eda de los veh\u00edculos de pasajeros y camionetas ligeras.<\/p>\n","protected":false},"excerpt":{"rendered":"<p>Aceite de motor sint\u00e9tico 5W-30 de alta calidad. Formulado para motores modernos a gasolina y di\u00e9sel. Proporciona protecci\u00f3n superior contra<\/p>\n","protected":false},"featured_media":29583,"comment_status":"open","ping_status":"closed","template":"","meta":[],"product_brand":[],"product_cat":[101],"product_tag":[],"class_list":{"0":"post-29464","1":"product","2":"type-product","3":"status-publish","4":"has-post-thumbnail","6":"product_cat-lubricantes-y-aceites","8":"first","9":"instock","10":"shipping-taxable","11":"purchasable","12":"product-type-simple"},"_links":{"self":[{"href":"https:\/\/ecommercejamc.online\/index.php\/wp-json\/wp\/v2\/product\/29464","targetHints":{"allow":["GET"]}}],"collection":[{"href":"https:\/\/ecommercejamc.online\/index.php\/wp-json\/wp\/v2\/product"}],"about":[{"href":"https:\/\/ecommercejamc.online\/index.php\/wp-json\/wp\/v2\/types\/product"}],"replies":[{"embeddable":true,"href":"https:\/\/ecommercejamc.online\/index.php\/wp-json\/wp\/v2\/comments?post=29464"}],"version-history":[{"count":1,"href":"https:\/\/ecommercejamc.online\/index.php\/wp-json\/wp\/v2\/product\/29464\/revisions"}],"predecessor-version":[{"id":29486,"href":"https:\/\/ecommercejamc.online\/index.php\/wp-json\/wp\/v2\/product\/29464\/revisions\/29486"}],"wp:featuredmedia":[{"embeddable":true,"href":"https:\/\/ecommercejamc.online\/index.php\/wp-json\/wp\/v2\/media\/29583"}],"wp:attachment":[{"href":"https:\/\/ecommercejamc.online\/index.php\/wp-json\/wp\/v2\/media?parent=29464"}],"wp:term":[{"taxonomy":"product_brand","embeddable":true,"href":"https:\/\/ecommercejamc.online\/index.php\/wp-json\/wp\/v2\/product_brand?post=29464"},{"taxonomy":"product_cat","embeddable":true,"href":"https:\/\/ecommercejamc.online\/index.php\/wp-json\/wp\/v2\/product_cat?post=29464"},{"taxonomy":"product_tag","embeddable":true,"href":"https:\/\/ecommercejamc.online\/index.php\/wp-json\/wp\/v2\/product_tag?post=29464"}],"curies":[{"name":"wp","href":"https:\/\/api.w.org\/{rel}","templated":true}]}}