{"id":29356,"date":"2026-02-26T22:20:35","date_gmt":"2026-02-26T22:20:35","guid":{"rendered":"http:\/\/206.189.163.212\/ecommerce\/?post_type=product&#038;p=29356"},"modified":"2026-05-04T03:50:29","modified_gmt":"2026-05-04T03:50:29","slug":"anclajes-de-amarre-multifuncion-de-hierro","status":"publish","type":"product","link":"https:\/\/ecommercejamc.online\/index.php\/producto\/anclajes-de-amarre-multifuncion-de-hierro\/","title":{"rendered":"Anclajes de Amarre Multifunci\u00f3n de Hierro"},"content":{"rendered":"<p>Hierro: los anclajes de amarre est\u00e1n forjados con el mejor metal de hierro, que tienen alta resistencia, fuerte fuerza de tracci\u00f3n y no son f\u00e1ciles de romper. La fabricaci\u00f3n del anillo en D de anclaje cumple con los estrictos requisitos de calidad<\/p>\n<p>Fabricaci\u00f3n profesional: la superficie est\u00e1 chapada en zinc para cortar el entre el anillo en D y el aire para evitar la oxidaci\u00f3n, y se puede utilizar al aire \u00faltima intervensi\u00f3n y en \u00e1reas h\u00famedas durante mucho tiempo<\/p>\n<p>F\u00e1cil de instalar: los anillos en D montados en la superficie a\u00f1aden un pr\u00e1ctico punto de anclaje para cables, cuerdas el\u00e1sticas o correas. Se fija f\u00e1cilmente a superficies de metal o suelos de con solo dos pernos y accesorios b\u00e1sicos<\/p>\n<p>Amplia aplicaci\u00f3n: el anillo en D resistente es ampliamente utilizado como anclaje de amarre en remolques, camiones, caravanas, furgonetas, ATV, SUV, barcos, motocicletas, camionetas, kayaks, etc.<\/p>\n<p>Gancho seguro y fiable: tambi\u00e9n ideal para cualquier tipo de ganchos en garajes, almacenes y entregas de talleres, etc., conveniente para el transporte, enganches, amarres seguros y seguros<\/p>\n","protected":false},"excerpt":{"rendered":"<p>Hierro: los anclajes de amarre est\u00e1n forjados con el mejor metal de hierro, que tienen alta resistencia, fuerte fuerza de<\/p>\n","protected":false},"featured_media":29360,"comment_status":"open","ping_status":"closed","template":"","meta":[],"product_brand":[],"product_cat":[79],"product_tag":[],"class_list":{"0":"post-29356","1":"product","2":"type-product","3":"status-publish","4":"has-post-thumbnail","6":"product_cat-tornillo-fijacion","8":"first","9":"instock","10":"sale","11":"shipping-taxable","12":"purchasable","13":"product-type-simple"},"_links":{"self":[{"href":"https:\/\/ecommercejamc.online\/index.php\/wp-json\/wp\/v2\/product\/29356","targetHints":{"allow":["GET"]}}],"collection":[{"href":"https:\/\/ecommercejamc.online\/index.php\/wp-json\/wp\/v2\/product"}],"about":[{"href":"https:\/\/ecommercejamc.online\/index.php\/wp-json\/wp\/v2\/types\/product"}],"replies":[{"embeddable":true,"href":"https:\/\/ecommercejamc.online\/index.php\/wp-json\/wp\/v2\/comments?post=29356"}],"version-history":[{"count":1,"href":"https:\/\/ecommercejamc.online\/index.php\/wp-json\/wp\/v2\/product\/29356\/revisions"}],"predecessor-version":[{"id":29361,"href":"https:\/\/ecommercejamc.online\/index.php\/wp-json\/wp\/v2\/product\/29356\/revisions\/29361"}],"wp:featuredmedia":[{"embeddable":true,"href":"https:\/\/ecommercejamc.online\/index.php\/wp-json\/wp\/v2\/media\/29360"}],"wp:attachment":[{"href":"https:\/\/ecommercejamc.online\/index.php\/wp-json\/wp\/v2\/media?parent=29356"}],"wp:term":[{"taxonomy":"product_brand","embeddable":true,"href":"https:\/\/ecommercejamc.online\/index.php\/wp-json\/wp\/v2\/product_brand?post=29356"},{"taxonomy":"product_cat","embeddable":true,"href":"https:\/\/ecommercejamc.online\/index.php\/wp-json\/wp\/v2\/product_cat?post=29356"},{"taxonomy":"product_tag","embeddable":true,"href":"https:\/\/ecommercejamc.online\/index.php\/wp-json\/wp\/v2\/product_tag?post=29356"}],"curies":[{"name":"wp","href":"https:\/\/api.w.org\/{rel}","templated":true}]}}