{"id":29350,"date":"2026-02-26T22:17:34","date_gmt":"2026-02-26T22:17:34","guid":{"rendered":"http:\/\/206.189.163.212\/ecommerce\/?post_type=product&#038;p=29350"},"modified":"2026-05-04T03:51:04","modified_gmt":"2026-05-04T03:51:04","slug":"piezas-barra-de-techo-para-auto-universal","status":"publish","type":"product","link":"https:\/\/ecommercejamc.online\/index.php\/producto\/piezas-barra-de-techo-para-auto-universal\/","title":{"rendered":"Piezas Barra de Techo para Auto Universal"},"content":{"rendered":"<p>\u3010Compatibilidad\u3011Esto Las barras transversales universales de la baca caben la mayor\u00eda de los veh\u00edculos con los carriles laterales levantados existentes, anchura externa m\u00e1xima 110cm. Los clips en ambos extremos de la barra transversal del techo proporcionan un excelente ajuste y estabilidad, combinando perfectamente con las barandillas laterales, Tanto pr\u00e1ctico como hermoso.\uff08 Pls aseg\u00farese de que el ancho de techo para autom\u00f3vil si apropiado antes de ordenar\uff09<\/p>\n<p>\u3010Fabricado en Aluminio de alta \u3011Esto La barras transversales portaequipaje universales est\u00e1 hecha completamente de aluminio de alta calidad, que es antioxidante y antideformaci\u00f3n. Tiene una capacidad de carga de aproximadamente 120 kg y una carga m\u00e1xima de no m\u00e1s de 150 kg. Puede soportar suficiente peso mientras reduce el peso, Es m\u00e1s de un 40% m\u00e1s ligero que los productos de acero con la misma capacidad de carga. lo que reduce inconscientemente los gastos de combustible durante el viaje.<\/p>\n<p>\u3010F\u00e1cil de instalar\u3011Esto barras portaequipaje para auto es f\u00e1cil de instalar, no se requieren procedimientos complicados y no es necesario tener amplia experiencia.El producto viene con accesorios del producto y un manual de instalaci\u00f3n. Puede consultar el manual de instalaci\u00f3n antes de la instalaci\u00f3n. \u3010Dise\u00f1o a prueba de ruido del viento\u3011Esto barras portaequipaje gen\u00e9rico autos aluminio de El dise\u00f1o aerodin\u00e1mico del tubo de aluminio viene con tiras de goma. La instalaci\u00f3n de las tiras de goma puede reducir la resistencia al viento y el ruido del viento durante la conducci\u00f3n, evitar afectar su experiencia de conducci\u00f3n y disfrutar, la conveniente que brinda la portaequipajes techo para equipaje.<\/p>\n<p>\u3010Amplia aplicaci\u00f3n\u3011Esta barra transversal de techo tiene una amplia gama de aplicaciones. Se puede usar para instalar y fijar focos para evitar da\u00f1ar su autom\u00f3vil y una soluci\u00f3n vers\u00e1til para los entusiastas del aire libre o aquellos que necesitan transportar objetos grandes en su veh\u00edculo. como lugares bicicletas, equipaje de autom\u00f3vil, cofres de techo, tablas de surf, kayaks y canoas, art\u00edculos deportivos, escaleras, equipaje y m\u00e1s etc.<\/p>\n","protected":false},"excerpt":{"rendered":"<p>\u3010Compatibilidad\u3011Esto Las barras transversales universales de la baca caben la mayor\u00eda de los veh\u00edculos con los carriles laterales levantados existentes,<\/p>\n","protected":false},"featured_media":29354,"comment_status":"open","ping_status":"closed","template":"","meta":[],"product_brand":[],"product_cat":[79],"product_tag":[],"class_list":{"0":"post-29350","1":"product","2":"type-product","3":"status-publish","4":"has-post-thumbnail","6":"product_cat-tornillo-fijacion","8":"first","9":"instock","10":"sale","11":"shipping-taxable","12":"purchasable","13":"product-type-simple"},"_links":{"self":[{"href":"https:\/\/ecommercejamc.online\/index.php\/wp-json\/wp\/v2\/product\/29350","targetHints":{"allow":["GET"]}}],"collection":[{"href":"https:\/\/ecommercejamc.online\/index.php\/wp-json\/wp\/v2\/product"}],"about":[{"href":"https:\/\/ecommercejamc.online\/index.php\/wp-json\/wp\/v2\/types\/product"}],"replies":[{"embeddable":true,"href":"https:\/\/ecommercejamc.online\/index.php\/wp-json\/wp\/v2\/comments?post=29350"}],"version-history":[{"count":1,"href":"https:\/\/ecommercejamc.online\/index.php\/wp-json\/wp\/v2\/product\/29350\/revisions"}],"predecessor-version":[{"id":29355,"href":"https:\/\/ecommercejamc.online\/index.php\/wp-json\/wp\/v2\/product\/29350\/revisions\/29355"}],"wp:featuredmedia":[{"embeddable":true,"href":"https:\/\/ecommercejamc.online\/index.php\/wp-json\/wp\/v2\/media\/29354"}],"wp:attachment":[{"href":"https:\/\/ecommercejamc.online\/index.php\/wp-json\/wp\/v2\/media?parent=29350"}],"wp:term":[{"taxonomy":"product_brand","embeddable":true,"href":"https:\/\/ecommercejamc.online\/index.php\/wp-json\/wp\/v2\/product_brand?post=29350"},{"taxonomy":"product_cat","embeddable":true,"href":"https:\/\/ecommercejamc.online\/index.php\/wp-json\/wp\/v2\/product_cat?post=29350"},{"taxonomy":"product_tag","embeddable":true,"href":"https:\/\/ecommercejamc.online\/index.php\/wp-json\/wp\/v2\/product_tag?post=29350"}],"curies":[{"name":"wp","href":"https:\/\/api.w.org\/{rel}","templated":true}]}}