{"id":29332,"date":"2026-02-26T22:05:45","date_gmt":"2026-02-26T22:05:45","guid":{"rendered":"http:\/\/206.189.163.212\/ecommerce\/?post_type=product&#038;p=29332"},"modified":"2026-05-04T03:51:49","modified_gmt":"2026-05-04T03:51:49","slug":"bolsa-con-50-remaches-1-8-x-5-16-de-aluminio","status":"publish","type":"product","link":"https:\/\/ecommercejamc.online\/index.php\/producto\/bolsa-con-50-remaches-1-8-x-5-16-de-aluminio\/","title":{"rendered":"Bolsa con 50 remaches 1\/8&#8243; x 5\/16&#8243; de aluminio"},"content":{"rendered":"<p>Para unir planchas met\u00e1licas, perfiles, hojalater\u00eda, electrodom\u00e9sticos y estructuras en general.<\/p>\n<p>Cuerpo de aluminio con acabado natural<\/p>\n<p>Clavo de acero<\/p>\n<p>Compatible con remachadoras marca Truper<\/p>\n","protected":false},"excerpt":{"rendered":"<p>Para unir planchas met\u00e1licas, perfiles, hojalater\u00eda, electrodom\u00e9sticos y estructuras en general. Cuerpo de aluminio con acabado natural Clavo de acero<\/p>\n","protected":false},"featured_media":29336,"comment_status":"open","ping_status":"closed","template":"","meta":[],"product_brand":[],"product_cat":[79],"product_tag":[],"class_list":{"0":"post-29332","1":"product","2":"type-product","3":"status-publish","4":"has-post-thumbnail","6":"product_cat-tornillo-fijacion","8":"first","9":"instock","10":"sale","11":"shipping-taxable","12":"purchasable","13":"product-type-simple"},"_links":{"self":[{"href":"https:\/\/ecommercejamc.online\/index.php\/wp-json\/wp\/v2\/product\/29332","targetHints":{"allow":["GET"]}}],"collection":[{"href":"https:\/\/ecommercejamc.online\/index.php\/wp-json\/wp\/v2\/product"}],"about":[{"href":"https:\/\/ecommercejamc.online\/index.php\/wp-json\/wp\/v2\/types\/product"}],"replies":[{"embeddable":true,"href":"https:\/\/ecommercejamc.online\/index.php\/wp-json\/wp\/v2\/comments?post=29332"}],"version-history":[{"count":1,"href":"https:\/\/ecommercejamc.online\/index.php\/wp-json\/wp\/v2\/product\/29332\/revisions"}],"predecessor-version":[{"id":29337,"href":"https:\/\/ecommercejamc.online\/index.php\/wp-json\/wp\/v2\/product\/29332\/revisions\/29337"}],"wp:featuredmedia":[{"embeddable":true,"href":"https:\/\/ecommercejamc.online\/index.php\/wp-json\/wp\/v2\/media\/29336"}],"wp:attachment":[{"href":"https:\/\/ecommercejamc.online\/index.php\/wp-json\/wp\/v2\/media?parent=29332"}],"wp:term":[{"taxonomy":"product_brand","embeddable":true,"href":"https:\/\/ecommercejamc.online\/index.php\/wp-json\/wp\/v2\/product_brand?post=29332"},{"taxonomy":"product_cat","embeddable":true,"href":"https:\/\/ecommercejamc.online\/index.php\/wp-json\/wp\/v2\/product_cat?post=29332"},{"taxonomy":"product_tag","embeddable":true,"href":"https:\/\/ecommercejamc.online\/index.php\/wp-json\/wp\/v2\/product_tag?post=29332"}],"curies":[{"name":"wp","href":"https:\/\/api.w.org\/{rel}","templated":true}]}}