{"id":29320,"date":"2026-02-26T21:58:14","date_gmt":"2026-02-26T21:58:14","guid":{"rendered":"http:\/\/206.189.163.212\/ecommerce\/?post_type=product&#038;p=29320"},"modified":"2026-05-04T03:52:28","modified_gmt":"2026-05-04T03:52:28","slug":"taquetes-de-expansion-de-plastico-con-tornillos-autorroscantes-50-piezas","status":"publish","type":"product","link":"https:\/\/ecommercejamc.online\/index.php\/producto\/taquetes-de-expansion-de-plastico-con-tornillos-autorroscantes-50-piezas\/","title":{"rendered":"Taquetes de Expansi\u00f3n de Pl\u00e1stico con Tornillos Autorroscantes 50 Piezas"},"content":{"rendered":"<p>Incluye 50 piezas de taquetes de expansi\u00f3n de pl\u00e1stico con tornillos autorroscantes en tama\u00f1os M6\/M8\/M10 para diversas aplicaciones de montaje<\/p>\n","protected":false},"excerpt":{"rendered":"<p>Incluye 50 piezas de taquetes de expansi\u00f3n de pl\u00e1stico con tornillos autorroscantes en tama\u00f1os M6\/M8\/M10 para diversas aplicaciones de montaje<\/p>\n","protected":false},"featured_media":29324,"comment_status":"open","ping_status":"closed","template":"","meta":[],"product_brand":[],"product_cat":[79],"product_tag":[],"class_list":{"0":"post-29320","1":"product","2":"type-product","3":"status-publish","4":"has-post-thumbnail","6":"product_cat-tornillo-fijacion","8":"first","9":"instock","10":"sale","11":"shipping-taxable","12":"purchasable","13":"product-type-simple"},"_links":{"self":[{"href":"https:\/\/ecommercejamc.online\/index.php\/wp-json\/wp\/v2\/product\/29320","targetHints":{"allow":["GET"]}}],"collection":[{"href":"https:\/\/ecommercejamc.online\/index.php\/wp-json\/wp\/v2\/product"}],"about":[{"href":"https:\/\/ecommercejamc.online\/index.php\/wp-json\/wp\/v2\/types\/product"}],"replies":[{"embeddable":true,"href":"https:\/\/ecommercejamc.online\/index.php\/wp-json\/wp\/v2\/comments?post=29320"}],"version-history":[{"count":1,"href":"https:\/\/ecommercejamc.online\/index.php\/wp-json\/wp\/v2\/product\/29320\/revisions"}],"predecessor-version":[{"id":29325,"href":"https:\/\/ecommercejamc.online\/index.php\/wp-json\/wp\/v2\/product\/29320\/revisions\/29325"}],"wp:featuredmedia":[{"embeddable":true,"href":"https:\/\/ecommercejamc.online\/index.php\/wp-json\/wp\/v2\/media\/29324"}],"wp:attachment":[{"href":"https:\/\/ecommercejamc.online\/index.php\/wp-json\/wp\/v2\/media?parent=29320"}],"wp:term":[{"taxonomy":"product_brand","embeddable":true,"href":"https:\/\/ecommercejamc.online\/index.php\/wp-json\/wp\/v2\/product_brand?post=29320"},{"taxonomy":"product_cat","embeddable":true,"href":"https:\/\/ecommercejamc.online\/index.php\/wp-json\/wp\/v2\/product_cat?post=29320"},{"taxonomy":"product_tag","embeddable":true,"href":"https:\/\/ecommercejamc.online\/index.php\/wp-json\/wp\/v2\/product_tag?post=29320"}],"curies":[{"name":"wp","href":"https:\/\/api.w.org\/{rel}","templated":true}]}}