{"id":29314,"date":"2026-02-26T21:55:38","date_gmt":"2026-02-26T21:55:38","guid":{"rendered":"http:\/\/206.189.163.212\/ecommerce\/?post_type=product&#038;p=29314"},"modified":"2026-05-04T03:52:43","modified_gmt":"2026-05-04T03:52:43","slug":"1200-piezas-de-arandelas","status":"publish","type":"product","link":"https:\/\/ecommercejamc.online\/index.php\/producto\/1200-piezas-de-arandelas\/","title":{"rendered":"1200 Piezas de Arandelas"},"content":{"rendered":"<p>Los anillos o suaves y flexibles son simplemente enganchados, lo que es f\u00e1cil de instalar. Este conjunto de surtido puede satisfacer la mayor\u00eda de las necesidades de plomer\u00eda, automotriz y reparaci\u00f3n general.<\/p>\n","protected":false},"excerpt":{"rendered":"<p>Los anillos o suaves y flexibles son simplemente enganchados, lo que es f\u00e1cil de instalar. Este conjunto de surtido puede<\/p>\n","protected":false},"featured_media":29318,"comment_status":"open","ping_status":"closed","template":"","meta":[],"product_brand":[],"product_cat":[79],"product_tag":[],"class_list":{"0":"post-29314","1":"product","2":"type-product","3":"status-publish","4":"has-post-thumbnail","6":"product_cat-tornillo-fijacion","8":"first","9":"instock","10":"sale","11":"shipping-taxable","12":"purchasable","13":"product-type-simple"},"_links":{"self":[{"href":"https:\/\/ecommercejamc.online\/index.php\/wp-json\/wp\/v2\/product\/29314","targetHints":{"allow":["GET"]}}],"collection":[{"href":"https:\/\/ecommercejamc.online\/index.php\/wp-json\/wp\/v2\/product"}],"about":[{"href":"https:\/\/ecommercejamc.online\/index.php\/wp-json\/wp\/v2\/types\/product"}],"replies":[{"embeddable":true,"href":"https:\/\/ecommercejamc.online\/index.php\/wp-json\/wp\/v2\/comments?post=29314"}],"version-history":[{"count":1,"href":"https:\/\/ecommercejamc.online\/index.php\/wp-json\/wp\/v2\/product\/29314\/revisions"}],"predecessor-version":[{"id":29319,"href":"https:\/\/ecommercejamc.online\/index.php\/wp-json\/wp\/v2\/product\/29314\/revisions\/29319"}],"wp:featuredmedia":[{"embeddable":true,"href":"https:\/\/ecommercejamc.online\/index.php\/wp-json\/wp\/v2\/media\/29318"}],"wp:attachment":[{"href":"https:\/\/ecommercejamc.online\/index.php\/wp-json\/wp\/v2\/media?parent=29314"}],"wp:term":[{"taxonomy":"product_brand","embeddable":true,"href":"https:\/\/ecommercejamc.online\/index.php\/wp-json\/wp\/v2\/product_brand?post=29314"},{"taxonomy":"product_cat","embeddable":true,"href":"https:\/\/ecommercejamc.online\/index.php\/wp-json\/wp\/v2\/product_cat?post=29314"},{"taxonomy":"product_tag","embeddable":true,"href":"https:\/\/ecommercejamc.online\/index.php\/wp-json\/wp\/v2\/product_tag?post=29314"}],"curies":[{"name":"wp","href":"https:\/\/api.w.org\/{rel}","templated":true}]}}