{"id":29307,"date":"2026-02-26T21:50:45","date_gmt":"2026-02-26T21:50:45","guid":{"rendered":"http:\/\/206.189.163.212\/ecommerce\/?post_type=product&#038;p=29307"},"modified":"2026-05-04T03:52:58","modified_gmt":"2026-05-04T03:52:58","slug":"100-piezas-tuercas-de-remache-m8-metricas-chapadas-en-zinc","status":"publish","type":"product","link":"https:\/\/ecommercejamc.online\/index.php\/producto\/100-piezas-tuercas-de-remache-m8-metricas-chapadas-en-zinc\/","title":{"rendered":"100 Piezas Tuercas de Remache M8 M\u00e9tricas Chapadas en Zinc"},"content":{"rendered":"<p>Las tuercas de inserci\u00f3n roscadas de cabeza plana est\u00e1n hechas de material de acero al carbono chapado en zinc, las tuercas de remache tienen alta dureza y gran resistencia a la corrosi\u00f3n, no se rompen ni deforman f\u00e1cilmente y tienen un largo tiempo de servicio.<\/p>\n","protected":false},"excerpt":{"rendered":"<p>Las tuercas de inserci\u00f3n roscadas de cabeza plana est\u00e1n hechas de material de acero al carbono chapado en zinc, las<\/p>\n","protected":false},"featured_media":29311,"comment_status":"open","ping_status":"closed","template":"","meta":[],"product_brand":[],"product_cat":[79],"product_tag":[],"class_list":{"0":"post-29307","1":"product","2":"type-product","3":"status-publish","4":"has-post-thumbnail","6":"product_cat-tornillo-fijacion","8":"first","9":"instock","10":"sale","11":"shipping-taxable","12":"purchasable","13":"product-type-simple"},"_links":{"self":[{"href":"https:\/\/ecommercejamc.online\/index.php\/wp-json\/wp\/v2\/product\/29307","targetHints":{"allow":["GET"]}}],"collection":[{"href":"https:\/\/ecommercejamc.online\/index.php\/wp-json\/wp\/v2\/product"}],"about":[{"href":"https:\/\/ecommercejamc.online\/index.php\/wp-json\/wp\/v2\/types\/product"}],"replies":[{"embeddable":true,"href":"https:\/\/ecommercejamc.online\/index.php\/wp-json\/wp\/v2\/comments?post=29307"}],"version-history":[{"count":2,"href":"https:\/\/ecommercejamc.online\/index.php\/wp-json\/wp\/v2\/product\/29307\/revisions"}],"predecessor-version":[{"id":29313,"href":"https:\/\/ecommercejamc.online\/index.php\/wp-json\/wp\/v2\/product\/29307\/revisions\/29313"}],"wp:featuredmedia":[{"embeddable":true,"href":"https:\/\/ecommercejamc.online\/index.php\/wp-json\/wp\/v2\/media\/29311"}],"wp:attachment":[{"href":"https:\/\/ecommercejamc.online\/index.php\/wp-json\/wp\/v2\/media?parent=29307"}],"wp:term":[{"taxonomy":"product_brand","embeddable":true,"href":"https:\/\/ecommercejamc.online\/index.php\/wp-json\/wp\/v2\/product_brand?post=29307"},{"taxonomy":"product_cat","embeddable":true,"href":"https:\/\/ecommercejamc.online\/index.php\/wp-json\/wp\/v2\/product_cat?post=29307"},{"taxonomy":"product_tag","embeddable":true,"href":"https:\/\/ecommercejamc.online\/index.php\/wp-json\/wp\/v2\/product_tag?post=29307"}],"curies":[{"name":"wp","href":"https:\/\/api.w.org\/{rel}","templated":true}]}}