{"id":29295,"date":"2026-02-26T21:42:47","date_gmt":"2026-02-26T21:42:47","guid":{"rendered":"http:\/\/206.189.163.212\/ecommerce\/?post_type=product&#038;p=29295"},"modified":"2026-02-26T21:42:47","modified_gmt":"2026-02-26T21:42:47","slug":"multiherramienta-oscilante-inalambrica-sin-escobillas","status":"publish","type":"product","link":"https:\/\/ecommercejamc.online\/index.php\/producto\/multiherramienta-oscilante-inalambrica-sin-escobillas\/","title":{"rendered":"Multiherramienta Oscilante Inal\u00e1mbrica Sin Escobillas"},"content":{"rendered":"<p>La multiherramienta con motor de cobre puro y 20000 OPM ofrece m\u00e1ximo rendimiento. Su alta velocidad proporciona cortes y lijados m\u00e1s r\u00e1pidos y precisos, mientras que el motor de cobre garantiza potencia constante sin bloqueos incluso en trabajos exigentes. La eficiente conductividad reduce el calor y el consumo energ\u00e9tico, asegurando una mayor durabilidad para proyectos profesionales o DIY intensivo.<\/p>\n","protected":false},"excerpt":{"rendered":"<p>La multiherramienta con motor de cobre puro y 20000 OPM ofrece m\u00e1ximo rendimiento. Su alta velocidad proporciona cortes y lijados<\/p>\n","protected":false},"featured_media":29299,"comment_status":"open","ping_status":"closed","template":"","meta":[],"product_brand":[],"product_cat":[78],"product_tag":[],"class_list":{"0":"post-29295","1":"product","2":"type-product","3":"status-publish","4":"has-post-thumbnail","6":"product_cat-h-electricas","8":"first","9":"instock","10":"shipping-taxable","11":"purchasable","12":"product-type-simple"},"_links":{"self":[{"href":"https:\/\/ecommercejamc.online\/index.php\/wp-json\/wp\/v2\/product\/29295","targetHints":{"allow":["GET"]}}],"collection":[{"href":"https:\/\/ecommercejamc.online\/index.php\/wp-json\/wp\/v2\/product"}],"about":[{"href":"https:\/\/ecommercejamc.online\/index.php\/wp-json\/wp\/v2\/types\/product"}],"replies":[{"embeddable":true,"href":"https:\/\/ecommercejamc.online\/index.php\/wp-json\/wp\/v2\/comments?post=29295"}],"version-history":[{"count":1,"href":"https:\/\/ecommercejamc.online\/index.php\/wp-json\/wp\/v2\/product\/29295\/revisions"}],"predecessor-version":[{"id":29300,"href":"https:\/\/ecommercejamc.online\/index.php\/wp-json\/wp\/v2\/product\/29295\/revisions\/29300"}],"wp:featuredmedia":[{"embeddable":true,"href":"https:\/\/ecommercejamc.online\/index.php\/wp-json\/wp\/v2\/media\/29299"}],"wp:attachment":[{"href":"https:\/\/ecommercejamc.online\/index.php\/wp-json\/wp\/v2\/media?parent=29295"}],"wp:term":[{"taxonomy":"product_brand","embeddable":true,"href":"https:\/\/ecommercejamc.online\/index.php\/wp-json\/wp\/v2\/product_brand?post=29295"},{"taxonomy":"product_cat","embeddable":true,"href":"https:\/\/ecommercejamc.online\/index.php\/wp-json\/wp\/v2\/product_cat?post=29295"},{"taxonomy":"product_tag","embeddable":true,"href":"https:\/\/ecommercejamc.online\/index.php\/wp-json\/wp\/v2\/product_tag?post=29295"}],"curies":[{"name":"wp","href":"https:\/\/api.w.org\/{rel}","templated":true}]}}