{"id":29289,"date":"2026-02-26T21:40:38","date_gmt":"2026-02-26T21:40:38","guid":{"rendered":"http:\/\/206.189.163.212\/ecommerce\/?post_type=product&#038;p=29289"},"modified":"2026-02-26T21:40:38","modified_gmt":"2026-02-26T21:40:38","slug":"hidrolavadora","status":"publish","type":"product","link":"https:\/\/ecommercejamc.online\/index.php\/producto\/hidrolavadora\/","title":{"rendered":"Hidrolavadora"},"content":{"rendered":"<p>Caracter\u00edsticas: Presi\u00f3n m\u00e1xima: 1600 PSI , Potencia: 1200W<\/p>\n","protected":false},"excerpt":{"rendered":"<p>Caracter\u00edsticas: Presi\u00f3n m\u00e1xima: 1600 PSI , Potencia: 1200W<\/p>\n","protected":false},"featured_media":29293,"comment_status":"open","ping_status":"closed","template":"","meta":[],"product_brand":[],"product_cat":[78],"product_tag":[],"class_list":{"0":"post-29289","1":"product","2":"type-product","3":"status-publish","4":"has-post-thumbnail","6":"product_cat-h-electricas","8":"first","9":"instock","10":"shipping-taxable","11":"purchasable","12":"product-type-simple"},"_links":{"self":[{"href":"https:\/\/ecommercejamc.online\/index.php\/wp-json\/wp\/v2\/product\/29289","targetHints":{"allow":["GET"]}}],"collection":[{"href":"https:\/\/ecommercejamc.online\/index.php\/wp-json\/wp\/v2\/product"}],"about":[{"href":"https:\/\/ecommercejamc.online\/index.php\/wp-json\/wp\/v2\/types\/product"}],"replies":[{"embeddable":true,"href":"https:\/\/ecommercejamc.online\/index.php\/wp-json\/wp\/v2\/comments?post=29289"}],"version-history":[{"count":1,"href":"https:\/\/ecommercejamc.online\/index.php\/wp-json\/wp\/v2\/product\/29289\/revisions"}],"predecessor-version":[{"id":29294,"href":"https:\/\/ecommercejamc.online\/index.php\/wp-json\/wp\/v2\/product\/29289\/revisions\/29294"}],"wp:featuredmedia":[{"embeddable":true,"href":"https:\/\/ecommercejamc.online\/index.php\/wp-json\/wp\/v2\/media\/29293"}],"wp:attachment":[{"href":"https:\/\/ecommercejamc.online\/index.php\/wp-json\/wp\/v2\/media?parent=29289"}],"wp:term":[{"taxonomy":"product_brand","embeddable":true,"href":"https:\/\/ecommercejamc.online\/index.php\/wp-json\/wp\/v2\/product_brand?post=29289"},{"taxonomy":"product_cat","embeddable":true,"href":"https:\/\/ecommercejamc.online\/index.php\/wp-json\/wp\/v2\/product_cat?post=29289"},{"taxonomy":"product_tag","embeddable":true,"href":"https:\/\/ecommercejamc.online\/index.php\/wp-json\/wp\/v2\/product_tag?post=29289"}],"curies":[{"name":"wp","href":"https:\/\/api.w.org\/{rel}","templated":true}]}}