{"id":29234,"date":"2026-02-26T20:30:42","date_gmt":"2026-02-26T20:30:42","guid":{"rendered":"http:\/\/206.189.163.212\/ecommerce\/?post_type=product&#038;p=29234"},"modified":"2026-02-26T20:30:42","modified_gmt":"2026-02-26T20:30:42","slug":"taladro-rotomartillo-1-2","status":"publish","type":"product","link":"https:\/\/ecommercejamc.online\/index.php\/producto\/taladro-rotomartillo-1-2\/","title":{"rendered":"Taladro Rotomartillo 1\/2&#8243;"},"content":{"rendered":"<p>Este taladro sin escobillas con m\u00e1ximo de 60 N.m, le permite taladrar con facilidad en maderas duras, metales e incluso hormig\u00f3n, adem\u00e1s de atornillar eficazmente grandes tornillos para madera y otros elementos de fijaci\u00f3n estructural.<\/p>\n","protected":false},"excerpt":{"rendered":"<p>Este taladro sin escobillas con m\u00e1ximo de 60 N.m, le permite taladrar con facilidad en maderas duras, metales e incluso<\/p>\n","protected":false},"featured_media":29238,"comment_status":"open","ping_status":"closed","template":"","meta":[],"product_brand":[],"product_cat":[78],"product_tag":[],"class_list":{"0":"post-29234","1":"product","2":"type-product","3":"status-publish","4":"has-post-thumbnail","6":"product_cat-h-electricas","8":"first","9":"instock","10":"shipping-taxable","11":"purchasable","12":"product-type-simple"},"_links":{"self":[{"href":"https:\/\/ecommercejamc.online\/index.php\/wp-json\/wp\/v2\/product\/29234","targetHints":{"allow":["GET"]}}],"collection":[{"href":"https:\/\/ecommercejamc.online\/index.php\/wp-json\/wp\/v2\/product"}],"about":[{"href":"https:\/\/ecommercejamc.online\/index.php\/wp-json\/wp\/v2\/types\/product"}],"replies":[{"embeddable":true,"href":"https:\/\/ecommercejamc.online\/index.php\/wp-json\/wp\/v2\/comments?post=29234"}],"version-history":[{"count":1,"href":"https:\/\/ecommercejamc.online\/index.php\/wp-json\/wp\/v2\/product\/29234\/revisions"}],"predecessor-version":[{"id":29239,"href":"https:\/\/ecommercejamc.online\/index.php\/wp-json\/wp\/v2\/product\/29234\/revisions\/29239"}],"wp:featuredmedia":[{"embeddable":true,"href":"https:\/\/ecommercejamc.online\/index.php\/wp-json\/wp\/v2\/media\/29238"}],"wp:attachment":[{"href":"https:\/\/ecommercejamc.online\/index.php\/wp-json\/wp\/v2\/media?parent=29234"}],"wp:term":[{"taxonomy":"product_brand","embeddable":true,"href":"https:\/\/ecommercejamc.online\/index.php\/wp-json\/wp\/v2\/product_brand?post=29234"},{"taxonomy":"product_cat","embeddable":true,"href":"https:\/\/ecommercejamc.online\/index.php\/wp-json\/wp\/v2\/product_cat?post=29234"},{"taxonomy":"product_tag","embeddable":true,"href":"https:\/\/ecommercejamc.online\/index.php\/wp-json\/wp\/v2\/product_tag?post=29234"}],"curies":[{"name":"wp","href":"https:\/\/api.w.org\/{rel}","templated":true}]}}