{"id":29222,"date":"2026-02-26T20:15:24","date_gmt":"2026-02-26T20:15:24","guid":{"rendered":"http:\/\/206.189.163.212\/ecommerce\/?post_type=product&#038;p=29222"},"modified":"2026-02-26T20:15:33","modified_gmt":"2026-02-26T20:15:33","slug":"nivel-de-burbuja-24","status":"publish","type":"product","link":"https:\/\/ecommercejamc.online\/index.php\/producto\/nivel-de-burbuja-24\/","title":{"rendered":"Nivel de burbuja 24&#8243;"},"content":{"rendered":"<p>Un nivel de burbuja de 24 pulgadas es una herramienta de medici\u00f3n precisa, generalmente de aluminio, con burbujas intercambiables y protecci\u00f3n contra impactos, ideal para construcci\u00f3n y bricolaje.<\/p>\n","protected":false},"excerpt":{"rendered":"<p>Un nivel de burbuja de 24 pulgadas es una herramienta de medici\u00f3n precisa, generalmente de aluminio, con burbujas intercambiables y<\/p>\n","protected":false},"featured_media":29226,"comment_status":"open","ping_status":"closed","template":"","meta":[],"product_brand":[],"product_cat":[77],"product_tag":[],"class_list":{"0":"post-29222","1":"product","2":"type-product","3":"status-publish","4":"has-post-thumbnail","6":"product_cat-h-manuales","8":"first","9":"instock","10":"shipping-taxable","11":"purchasable","12":"product-type-simple"},"_links":{"self":[{"href":"https:\/\/ecommercejamc.online\/index.php\/wp-json\/wp\/v2\/product\/29222","targetHints":{"allow":["GET"]}}],"collection":[{"href":"https:\/\/ecommercejamc.online\/index.php\/wp-json\/wp\/v2\/product"}],"about":[{"href":"https:\/\/ecommercejamc.online\/index.php\/wp-json\/wp\/v2\/types\/product"}],"replies":[{"embeddable":true,"href":"https:\/\/ecommercejamc.online\/index.php\/wp-json\/wp\/v2\/comments?post=29222"}],"version-history":[{"count":1,"href":"https:\/\/ecommercejamc.online\/index.php\/wp-json\/wp\/v2\/product\/29222\/revisions"}],"predecessor-version":[{"id":29227,"href":"https:\/\/ecommercejamc.online\/index.php\/wp-json\/wp\/v2\/product\/29222\/revisions\/29227"}],"wp:featuredmedia":[{"embeddable":true,"href":"https:\/\/ecommercejamc.online\/index.php\/wp-json\/wp\/v2\/media\/29226"}],"wp:attachment":[{"href":"https:\/\/ecommercejamc.online\/index.php\/wp-json\/wp\/v2\/media?parent=29222"}],"wp:term":[{"taxonomy":"product_brand","embeddable":true,"href":"https:\/\/ecommercejamc.online\/index.php\/wp-json\/wp\/v2\/product_brand?post=29222"},{"taxonomy":"product_cat","embeddable":true,"href":"https:\/\/ecommercejamc.online\/index.php\/wp-json\/wp\/v2\/product_cat?post=29222"},{"taxonomy":"product_tag","embeddable":true,"href":"https:\/\/ecommercejamc.online\/index.php\/wp-json\/wp\/v2\/product_tag?post=29222"}],"curies":[{"name":"wp","href":"https:\/\/api.w.org\/{rel}","templated":true}]}}